{"id":5017,"date":"2020-02-07T20:35:12","date_gmt":"2020-02-07T16:35:12","guid":{"rendered":"https:\/\/openheart.ge\/our-partners\/"},"modified":"2020-02-07T20:44:15","modified_gmt":"2020-02-07T16:44:15","slug":"our-partners","status":"publish","type":"page","link":"https:\/\/openheart.ge\/en\/our-partners\/","title":{"rendered":"Our Partners"},"content":{"rendered":"\t\t<div data-elementor-type=\"wp-page\" data-elementor-id=\"5017\" class=\"elementor elementor-5017 elementor-5015\">\n\t\t\t\t\t\t\t\t\t<section class=\"has_ae_slider elementor-section elementor-top-section elementor-element elementor-element-a7e10b7 elementor-section-height-min-height elementor-section-boxed elementor-section-height-default elementor-section-items-middle ae-bg-gallery-type-default\" data-id=\"a7e10b7\" data-element_type=\"section\" data-settings=\"{&quot;background_background&quot;:&quot;classic&quot;}\">\n\t\t\t\t\t\t\t<div class=\"elementor-background-overlay\"><\/div>\n\t\t\t\t\t\t\t<div class=\"elementor-container elementor-column-gap-default\">\n\t\t\t\t\t<div class=\"has_ae_slider elementor-column elementor-col-100 elementor-top-column elementor-element elementor-element-cc0a9d6 ae-bg-gallery-type-default\" data-id=\"cc0a9d6\" data-element_type=\"column\">\n\t\t\t<div class=\"elementor-widget-wrap elementor-element-populated\">\n\t\t\t\t\t\t\t\t\t<\/div>\n\t\t<\/div>\n\t\t\t\t\t\t\t<\/div>\n\t\t<\/section>\n\t\t\t\t<section class=\"has_ae_slider elementor-section elementor-top-section elementor-element elementor-element-6bc960e elementor-section-boxed elementor-section-height-default elementor-section-height-default ae-bg-gallery-type-default\" data-id=\"6bc960e\" data-element_type=\"section\" data-settings=\"{&quot;background_background&quot;:&quot;classic&quot;}\">\n\t\t\t\t\t\t\t<div class=\"elementor-background-overlay\"><\/div>\n\t\t\t\t\t\t\t<div class=\"elementor-container elementor-column-gap-default\">\n\t\t\t\t\t<div class=\"has_ae_slider elementor-column elementor-col-100 elementor-top-column elementor-element elementor-element-ca17050 ae-bg-gallery-type-default\" data-id=\"ca17050\" data-element_type=\"column\">\n\t\t\t<div class=\"elementor-widget-wrap elementor-element-populated\">\n\t\t\t\t\t\t\t\t<div class=\"elementor-element elementor-element-91e65a6 elementor-widget elementor-widget-text-editor\" data-id=\"91e65a6\" data-element_type=\"widget\" data-widget_type=\"text-editor.default\">\n\t\t\t\t<div class=\"elementor-widget-container\">\n\t\t\t<style>\/*! elementor - v3.7.8 - 02-10-2022 *\/\n.elementor-widget-text-editor.elementor-drop-cap-view-stacked .elementor-drop-cap{background-color:#818a91;color:#fff}.elementor-widget-text-editor.elementor-drop-cap-view-framed .elementor-drop-cap{color:#818a91;border:3px solid;background-color:transparent}.elementor-widget-text-editor:not(.elementor-drop-cap-view-default) .elementor-drop-cap{margin-top:8px}.elementor-widget-text-editor:not(.elementor-drop-cap-view-default) .elementor-drop-cap-letter{width:1em;height:1em}.elementor-widget-text-editor .elementor-drop-cap{float:left;text-align:center;line-height:1;font-size:50px}.elementor-widget-text-editor .elementor-drop-cap-letter{display:inline-block}<\/style>\t\t\t\t<p>Clinic ,,Open Heart\u2019\u2019 has been collaborating with the ,,Frederick &amp; Jean Morris Foundation\u2019\u2019 of Switzerland \u00a0since 2001 and this process is still ongoing. Since 2012, the 5<sup>th <\/sup>Clinical Hospital has also been involved in this process.<\/p>\n<p>During this period, Swiss physicians and nurses from different field had visited our clinic, who trained Georgian colleagues and had performing surgeries with them.<\/p>\n<p>This collaboration has proved to be very important and successful, as the experience of Swiss physicians and the introduction of new innovations have added great value to our staff and we have been able to provide high quality medical services to Georgian patients.<\/p>\n<p>It is also noteworthy that during this period our leading specialists periodically traveled to Geneva \u2013 in Hospital de la Tour, aiming to study on-site, modern and European standards of medicine.<\/p>\n<p>Integrated medical collaboration between Switzerland and 5<sup>th<\/sup> Clinical Hospital \/ Open Heart has yielded good results, and we would like to express our deep gratitude to everyone who has visited our clinic during these years. With their support, the 5<sup>th<\/sup> Clinical Hospital\/Open Heart is one of the most leading hospital in Georgian medicine.<\/p>\n<p>The Frederick &amp; Jean Morris Foundation contributed greatly in growth, success and development of various field of our clinic. In particular, we would like to underline the support and contribution of Mr. Vladimir Velebit.<\/p>\n<p>During these years, the Foundation has organized many visits to our clinic. Below there is a list of people who have arrived and time to time are still visiting us and helping us to held online consultations , for that we thank them again and confirm our great respect.<\/p>\n\t\t\t\t\t\t<\/div>\n\t\t\t\t<\/div>\n\t\t\t\t<div class=\"elementor-element elementor-element-5ccc2e9 elementor-widget elementor-widget-heading\" data-id=\"5ccc2e9\" data-element_type=\"widget\" data-widget_type=\"heading.default\">\n\t\t\t\t<div class=\"elementor-widget-container\">\n\t\t\t<style>\/*! elementor - v3.7.8 - 02-10-2022 *\/\n.elementor-heading-title{padding:0;margin:0;line-height:1}.elementor-widget-heading .elementor-heading-title[class*=elementor-size-]>a{color:inherit;font-size:inherit;line-height:inherit}.elementor-widget-heading .elementor-heading-title.elementor-size-small{font-size:15px}.elementor-widget-heading .elementor-heading-title.elementor-size-medium{font-size:19px}.elementor-widget-heading .elementor-heading-title.elementor-size-large{font-size:29px}.elementor-widget-heading .elementor-heading-title.elementor-size-xl{font-size:39px}.elementor-widget-heading .elementor-heading-title.elementor-size-xxl{font-size:59px}<\/style><h2 class=\"elementor-heading-title elementor-size-default\">Swiss Team<\/h2>\t\t<\/div>\n\t\t\t\t<\/div>\n\t\t\t\t<div class=\"elementor-element elementor-element-d9e1b60 elementor-widget elementor-widget-text-editor\" data-id=\"d9e1b60\" data-element_type=\"widget\" data-widget_type=\"text-editor.default\">\n\t\t\t\t<div class=\"elementor-widget-container\">\n\t\t\t\t\t\t\t<p><strong><u>Surgeons<\/u><\/strong><\/p>\n<ul>\n<li>2001-2019yy &#8211; <strong> Vladimir Velebit<\/strong> &#8211; Cardiovascular surgery<strong>, <\/strong>Swiss board specialist in General Surgery and Swiss board specialist in Cardiac and Thoracic Vascular surgery;<br \/>\nCardiac and vascular surgery practice at the\u00a0<a href=\"http:\/\/www.latour.ch\/\">H\u00f4pital de la Tour<\/a>, Meyrin-Geneva, Switzerland.<\/li>\n<\/ul>\n<p>&#8211; Vice-president (2009) and President (2010) of the\u00a0<a href=\"http:\/\/www.smge.ch\/\">Soci\u00e9t\u00e9 M\u00e9dicale de Gen\u00e8ve<\/a>.<br \/>\n&#8211; President of the Foundation Surgical Overseas Services, Geneva, Switzerland.<br \/>\n&#8211; Member of the Board of the\u00a0<a href=\"http:\/\/www.fondationmaurice.org\/\">Frederic and Jean Maurice Foundation<\/a>, Geneva, Switzerland.<br \/>\n&#8211; Head of Clinical Services Open Heart Clinic, Tbilisi, Georgia.<br \/>\n&#8211; Primarius Department of Cardio-vascular Surgery, University Hospital, Sarajevo, Bosnia and Herzegovina.<\/p>\n<ul>\n<li><strong>Dr Michel Montessuit &#8211; <\/strong>Born Geneva, Specialist in Cardio-Vascular Surgery, Staff surgeon, H\u00f4pital de la Tour Geneva<\/li>\n<li>2003y<strong> &#8211; Dr Marek Bednarkiewicz<\/strong> &#8211; Born in Warsaw, Poland, Specialist in Cardio-Vascular Surgery, Staff surgeon, H\u00f4pital de la Tour Geneva<\/li>\n<li>2005y &#8211;<strong> Dr Gregory Khatchatourov<\/strong> &#8211; Born in Moscow, USSR, Specialist in Cardio-Vascular Surgery, Staff surgeon, H\u00f4pital de la Tour Geneva and Clinique Cecil Lausanne<\/li>\n<li>2006-2007yy<strong> &#8211; Dr Xavier Muller &#8211;<\/strong> Born in Geneva, Specialist in Cardio-Vascular Surgery, Professor and Head of Cardiac and Thoracic surgery, University Hospital in Lucerne Switzerland<\/li>\n<li>2005y<strong> &#8211; Dr Ren\u00e9 Pr\u00eatre<\/strong> -Born in the Jura, Professor and Head of Cardiac and Thoracic surgery, Centre Hospitalier Universitaire Lausanne, Head of Congenital Heart surgery, H\u00f4pital Cantonal Geneva<\/li>\n<li>2011y<strong> &#8211; Dr Jorge Sierra &#8211;<\/strong> Born in Bogota, Columbia, Specialist in Cardio-Vascular Surgery, Staff surgeon, H\u00f4pital de la Tour Geneva<\/li>\n<li>2006y<strong> &#8211; Dr Ali Dodge &#8211; <\/strong>Born in Switzerland, Specialist in Cardio-Vascular Surgery in Lausanne and Zurich, Professor and head of Congenital Heart Surgery, Hamburg Germany, Head of Congenital Heart Surgery, Jackson Mississippi USA<\/li>\n<li>2005y &#8211; <strong>Dr Nicolas Murith<\/strong> &#8211; Born in Geneva, Specialist in Cardio-Vascular Surgery, Professor and Head, Vascular Surgery H\u00f4pital Cantonal Geneva<\/li>\n<\/ul>\n<p><strong><u>Anesthetists<\/u><\/strong><\/p>\n<ul>\n<li>2002-2004yy <strong>&#8211; Dr Pierre Neidhart &#8211; <\/strong>Swiss born Basel, Head of Cardiac Anesthesia H\u00f4pital Cantonal Geneva, Staff Anesthetist, H\u00f4pital de lIsle Berne, Staff Anesthetist H\u00f4pital de la Tour Geneva<\/li>\n<li><strong>Dr Philippe Masouy\u00e9<\/strong> &#8211; French born, Staff Anesthetist H\u00f4pital Cantonal Geneva,<\/li>\n<li>2007y &#8211; <strong>Dr Pierre-Guy Chassot<\/strong> &#8211; Swiss born in Lausanne, Professor of Anesthesia, Lausanne Medical School, Staff Anesthetist, Centre Hospitalier Universitaire Lausanne<\/li>\n<\/ul>\n<p><u><\/strong>Nurses<\/u><\/strong><\/p>\n<ul>\n<li>2002-2004yy &#8211; <strong>V\u00e9ronique Laurent &#8211;<\/strong> Born in Belgium, Operating theatre nurse, H\u00f4pital de la Tour Geneva<\/li>\n<li>2002-2004yy &#8211;<strong>Ksenija I\u0161tvanic <\/strong>&#8211; Born in Yugoslavia, Operating theatre nurse, H\u00f4pital de la Tour Geneva, Currently in Split Croatia<\/li>\n<li>2002-2004yy &#8211; <strong>Warren <\/strong><strong>Weir &#8211; <\/strong>Born in Australia, Intensive care nurse, H\u00f4pital de la Tour Geneva, currently in Australia<\/li>\n<li>2003y \u2013 <strong>Catherine &#8211;<\/strong> Born in France, Intensive care nurse, H\u00f4pital de la Tour Geneva<\/li>\n<li>2006y &#8211; <strong>Mich\u00e8le Margot <\/strong>&#8211; Born in Geneva, Nurse practitioner, H\u00f4pital Cantonal Universitaire Geneva<\/li>\n<li>2003y &#8211; <strong>Marie<\/strong> &#8211; Born in France, Intensive care nurse, H\u00f4pital de la Tour Geneva<\/li>\n<\/ul>\n<p><u><strong>Other Medical Staff<\/u><\/strong><br \/>\n<strong>\u00a0<\/strong><\/p>\n<ul>\n<li>2002-2005yy &#8211; <strong>Ninek I\u0161tvanic &#8211; <\/strong>Born in Yugoslavia, Perfusionist, H\u00f4pital de la Tour Geneva,<\/li>\n<\/ul>\n<p>Currently head of Perfusion Split Hospital, Croatia<\/p>\n<ul>\n<li>2002, 2003,20014, 2010yy &#8211; <strong>Roger Krahenbuhl &#8211;<\/strong> Born in Switzerland, Perfusionist, H\u00f4pital de la Tour Geneva, G\u00e9rard, Born in France, Perfusionist, H\u00f4pital de la Tour Geneva,<\/li>\n<li>2003 &amp; 2007yy &#8211; <strong>Vanessa Latini &#8211; <\/strong>Born in Geneva, Medical Student, H\u00f4pital Cantonal Universitaire Geneva, Currently Medical Doctor in private practice in Geneva<\/li>\n<li>2009 &amp; 2016yy &#8211; <strong>Martine Courbier <\/strong>&#8211; Born in Marseille, France, optometrist, daughter of Professor of Cardiac Surgery in Marseille, France<\/li>\n<li><strong>Anita Tyriseva <\/strong>&#8211; Born in Yugoslavia, Physical therapist, Respiratory care, H\u00f4pital de la Tour Geneva<\/li>\n<\/ul>\n<p><u><strong>Maurice Foundation members<\/u><\/strong><\/p>\n<ul>\n<li>2001 &amp; 2007yy &#8211; <strong>Bernadette Maurice <\/strong>&#8211; Born in Geneva, Medical Doctor, widow of Jean Maurice<\/li>\n<li>2004 &amp; 2015yy &#8211; <strong>Ottavia Maurice <\/strong>&#8211; Born in Italy, translator and previous employee of the International Red Cross Committee, Widow of Frederic Maurice<\/li>\n<li>2004 &amp; 2015yy &#8211; <strong>Alexandre Mossaz &#8211; <\/strong>Born in Geneva, Medical Doctor in Private practice in Geneva, 3rd and current President of the Frederic and Jean Maurice Foundation, Geneva<\/li>\n<li>2004 &amp; 2015yy &#8211; <strong>Jean-Fran\u00e7ois Marti<\/strong> &#8211; Born in Geneva, Lawyer in private practice, 1st President of the Frederic and Jean Maurice Foundation, Geneva<\/li>\n<li>2013-2014yy &#8211; <strong>Peter Sonderegger &#8211; <\/strong>Born in Zurich, Psychologist, former employee of the International Red Cross Committee, 2nd President of the Frederic and Jean Maurice Foundation, Geneva<\/li>\n<li>2012-2014yy &#8211; <strong>Antoine Hadengue &#8211; <\/strong>Born in France, Medical doctor and Professor of Gastroenterology, H\u00f4pital Cantonal Universitaire Geneva<\/li>\n<li>2007,2014 &amp; 2015yy &#8211; <strong>Pierre Meyer &#8211;<\/strong> Born in Switzerland, Medical doctor and specialist in abdominal surgery, Staff surgeon, H\u00f4pital de la Tour Geneva<\/li>\n<li>2015y &#8211; <strong>Marc Zimmermann &#8211;<\/strong> Born in Switzerland, Medical doctor and specialist in Cardiology and Electrophysiology<\/li>\n<\/ul>\n<p><u><strong>Friends and family<\/u><\/strong><\/p>\n<ul>\n<li><strong>Dr Eric Vollenweider<\/strong> &#8211; Born in Algeria, Medical doctor specialist in Gastroenterology, in private practice in Geneva<\/li>\n<li>2010y <strong>&#8211; Dr Jean-Dominique Demottaz <\/strong>&#8211; Born in Geneva, Medical doctor specialist in Orthopedic Surgery, in private practice in Geneva<\/li>\n<li>2005y &#8211; <strong>Dr Dragi\u0161a Zarih <\/strong>&#8211; Born in Yugoslavia, Cardiac Anesthetist, Staff anaesthetist Clinique de Genolier, Switzerland<\/li>\n<li>2005y &#8211; <strong>Jim Bissell &#8211; <\/strong>Born in USA, CEO H\u00f4pital de la Tour Geneva<\/li>\n<li>2005y- <strong>Nicolas Velebit &#8211; <\/strong>Born in Geneva, son of Laurence and Vladimir Velebit<\/li>\n<li>2002,2004,2010,2012,2014yy &#8211; <strong>Dr Laurence Velebit &#8211;<\/strong> Born in Geneva, Medical doctor specialist in Pediatrics, in private practice in Geneva, mother of Nicolas and wife of Vladimir Velebit<\/li>\n<li>2012y &#8211; <strong>Antoine Maurice &#8211; <\/strong>Born in Geneva, Diplomat and journalist, Editor in chief of the Tribune de Geneve<\/li>\n<li>2007y &#8211; <strong>Alexis Wagner &#8211;<\/strong> Born in Switzerland, geologist, spent more than 20 years in the Himalaya with the Swiss Foreign Aid Fund, cousin to Laurence Velebit<\/li>\n<li>2008y &#8211; <strong>Bayram Kose <\/strong>&#8211; Born in Turkey, medical equipment specialist<\/li>\n<li>2009y &#8211; <strong>Dr Antoine Bloch &#8211; <\/strong>Born in Lausanne, M\u00e9dical Doctor and specialist in Non-Invasive Cardiology, Chief of Cardiology, Medical Director, H\u00f4pital de la Tour Geneva<\/li>\n<li>2014y &#8211; <strong>V\u00e9ronique Hadengue &#8211; <\/strong>Born in France, archivist and artist, wife to Antoine Hadengue<\/li>\n<li>2002y &#8211; <strong style=\"font-size: 16px;\">Marguerite Deyhle <\/strong><span style=\"font-size: 16px;\">&#8211; Born in Switzerland, assistant to Dr Vladimir Velebit<\/span><\/li>\n<\/ul>\n\t\t\t\t\t\t<\/div>\n\t\t\t\t<\/div>\n\t\t\t\t\t<\/div>\n\t\t<\/div>\n\t\t\t\t\t\t\t<\/div>\n\t\t<\/section>\n\t\t\t\t\t\t\t<\/div>\n\t\t","protected":false},"excerpt":{"rendered":"<p>Clinic ,,Open Heart\u2019\u2019 has been collaborating with the ,,Frederick &amp; Jean Morris Foundation\u2019\u2019 of Switzerland \u00a0since 2001 and this process is still ongoing. Since 2012, the 5th Clinical Hospital has also been involved in this process. During this period, Swiss physicians and nurses from different field had visited our clinic, who trained Georgian colleagues and &hellip;<\/p>\n<p class=\"read-more\"> <a class=\"\" href=\"https:\/\/openheart.ge\/en\/our-partners\/\"> <span class=\"screen-reader-text\">Our Partners<\/span> Read More &raquo;<\/a><\/p>\n","protected":false},"author":1,"featured_media":0,"parent":0,"menu_order":0,"comment_status":"closed","ping_status":"closed","template":"","meta":{"site-sidebar-layout":"no-sidebar","site-content-layout":"page-builder","ast-global-header-display":"","ast-main-header-display":"","ast-hfb-above-header-display":"","ast-hfb-below-header-display":"","ast-hfb-mobile-header-display":"","site-post-title":"","ast-breadcrumbs-content":"","ast-featured-img":"disabled","footer-sml-layout":"","theme-transparent-header-meta":"default","adv-header-id-meta":"","stick-header-meta":"","header-above-stick-meta":"","header-main-stick-meta":"","header-below-stick-meta":"","footnotes":""},"yoast_head":"<!-- This site is optimized with the Yoast SEO Premium plugin v19.3 (Yoast SEO v19.7) - https:\/\/yoast.com\/wordpress\/plugins\/seo\/ -->\n<title>Our Partners &bull; Open Heart<\/title>\n<meta name=\"robots\" content=\"index, follow, max-snippet:-1, max-image-preview:large, max-video-preview:-1\" \/>\n<link rel=\"canonical\" href=\"https:\/\/openheart.ge\/en\/our-partners\/\" \/>\n<meta property=\"og:locale\" content=\"en_US\" \/>\n<meta property=\"og:type\" content=\"article\" \/>\n<meta property=\"og:title\" content=\"Our Partners\" \/>\n<meta property=\"og:description\" content=\"Clinic ,,Open Heart\u2019\u2019 has been collaborating with the ,,Frederick &amp; Jean Morris Foundation\u2019\u2019 of Switzerland \u00a0since 2001 and this process is still ongoing. Since 2012, the 5th Clinical Hospital has also been involved in this process. During this period, Swiss physicians and nurses from different field had visited our clinic, who trained Georgian colleagues and &hellip; Our Partners Read More &raquo;\" \/>\n<meta property=\"og:url\" content=\"https:\/\/openheart.ge\/en\/our-partners\/\" \/>\n<meta property=\"og:site_name\" content=\"Open Heart\" \/>\n<meta property=\"article:publisher\" content=\"https:\/\/www.facebook.com\/OpenHeartGeneralHospital\/\" \/>\n<meta property=\"article:modified_time\" content=\"2020-02-07T16:44:15+00:00\" \/>\n<meta name=\"twitter:card\" content=\"summary_large_image\" \/>\n<meta name=\"twitter:label1\" content=\"Est. reading time\" \/>\n\t<meta name=\"twitter:data1\" content=\"6 minutes\" \/>\n<script type=\"application\/ld+json\" class=\"yoast-schema-graph\">{\"@context\":\"https:\/\/schema.org\",\"@graph\":[{\"@type\":\"WebPage\",\"@id\":\"https:\/\/openheart.ge\/en\/our-partners\/\",\"url\":\"https:\/\/openheart.ge\/en\/our-partners\/\",\"name\":\"Our Partners &bull; Open Heart\",\"isPartOf\":{\"@id\":\"https:\/\/openheart.ge\/en\/#website\"},\"datePublished\":\"2020-02-07T16:35:12+00:00\",\"dateModified\":\"2020-02-07T16:44:15+00:00\",\"breadcrumb\":{\"@id\":\"https:\/\/openheart.ge\/en\/our-partners\/#breadcrumb\"},\"inLanguage\":\"en-US\",\"potentialAction\":[{\"@type\":\"ReadAction\",\"target\":[\"https:\/\/openheart.ge\/en\/our-partners\/\"]}]},{\"@type\":\"BreadcrumbList\",\"@id\":\"https:\/\/openheart.ge\/en\/our-partners\/#breadcrumb\",\"itemListElement\":[{\"@type\":\"ListItem\",\"position\":1,\"name\":\"Home\",\"item\":\"https:\/\/openheart.ge\/en\/\"},{\"@type\":\"ListItem\",\"position\":2,\"name\":\"Our Partners\"}]},{\"@type\":\"WebSite\",\"@id\":\"https:\/\/openheart.ge\/en\/#website\",\"url\":\"https:\/\/openheart.ge\/en\/\",\"name\":\"\u10d9\u10da\u10d8\u10dc\u10d8\u10d9\u10d0 \u10e6\u10d8\u10d0 \u10d2\u10e3\u10da\u10d8\",\"description\":\"Official Website\",\"publisher\":{\"@id\":\"https:\/\/openheart.ge\/en\/#organization\"},\"potentialAction\":[{\"@type\":\"SearchAction\",\"target\":{\"@type\":\"EntryPoint\",\"urlTemplate\":\"https:\/\/openheart.ge\/en\/?s={search_term_string}\"},\"query-input\":\"required name=search_term_string\"}],\"inLanguage\":\"en-US\"},{\"@type\":\"Organization\",\"@id\":\"https:\/\/openheart.ge\/en\/#organization\",\"name\":\"Open Heart \/ \u10e6\u10d8\u10d0 \u10d2\u10e3\u10da\u10d8\",\"url\":\"https:\/\/openheart.ge\/en\/\",\"sameAs\":[\"https:\/\/www.facebook.com\/OpenHeartGeneralHospital\/\"],\"logo\":{\"@type\":\"ImageObject\",\"inLanguage\":\"en-US\",\"@id\":\"https:\/\/openheart.ge\/en\/#\/schema\/logo\/image\/\",\"url\":\"https:\/\/openheart.ge\/wp-content\/uploads\/2019\/07\/geo.png\",\"contentUrl\":\"https:\/\/openheart.ge\/wp-content\/uploads\/2019\/07\/geo.png\",\"width\":800,\"height\":252,\"caption\":\"Open Heart \/ \u10e6\u10d8\u10d0 \u10d2\u10e3\u10da\u10d8\"},\"image\":{\"@id\":\"https:\/\/openheart.ge\/en\/#\/schema\/logo\/image\/\"}}]}<\/script>\n<!-- \/ Yoast SEO Premium plugin. -->","yoast_head_json":{"title":"Our Partners &bull; Open Heart","robots":{"index":"index","follow":"follow","max-snippet":"max-snippet:-1","max-image-preview":"max-image-preview:large","max-video-preview":"max-video-preview:-1"},"canonical":"https:\/\/openheart.ge\/en\/our-partners\/","og_locale":"en_US","og_type":"article","og_title":"Our Partners","og_description":"Clinic ,,Open Heart\u2019\u2019 has been collaborating with the ,,Frederick &amp; Jean Morris Foundation\u2019\u2019 of Switzerland \u00a0since 2001 and this process is still ongoing. Since 2012, the 5th Clinical Hospital has also been involved in this process. During this period, Swiss physicians and nurses from different field had visited our clinic, who trained Georgian colleagues and &hellip; Our Partners Read More &raquo;","og_url":"https:\/\/openheart.ge\/en\/our-partners\/","og_site_name":"Open Heart","article_publisher":"https:\/\/www.facebook.com\/OpenHeartGeneralHospital\/","article_modified_time":"2020-02-07T16:44:15+00:00","twitter_card":"summary_large_image","twitter_misc":{"Est. reading time":"6 minutes"},"schema":{"@context":"https:\/\/schema.org","@graph":[{"@type":"WebPage","@id":"https:\/\/openheart.ge\/en\/our-partners\/","url":"https:\/\/openheart.ge\/en\/our-partners\/","name":"Our Partners &bull; Open Heart","isPartOf":{"@id":"https:\/\/openheart.ge\/en\/#website"},"datePublished":"2020-02-07T16:35:12+00:00","dateModified":"2020-02-07T16:44:15+00:00","breadcrumb":{"@id":"https:\/\/openheart.ge\/en\/our-partners\/#breadcrumb"},"inLanguage":"en-US","potentialAction":[{"@type":"ReadAction","target":["https:\/\/openheart.ge\/en\/our-partners\/"]}]},{"@type":"BreadcrumbList","@id":"https:\/\/openheart.ge\/en\/our-partners\/#breadcrumb","itemListElement":[{"@type":"ListItem","position":1,"name":"Home","item":"https:\/\/openheart.ge\/en\/"},{"@type":"ListItem","position":2,"name":"Our Partners"}]},{"@type":"WebSite","@id":"https:\/\/openheart.ge\/en\/#website","url":"https:\/\/openheart.ge\/en\/","name":"\u10d9\u10da\u10d8\u10dc\u10d8\u10d9\u10d0 \u10e6\u10d8\u10d0 \u10d2\u10e3\u10da\u10d8","description":"Official Website","publisher":{"@id":"https:\/\/openheart.ge\/en\/#organization"},"potentialAction":[{"@type":"SearchAction","target":{"@type":"EntryPoint","urlTemplate":"https:\/\/openheart.ge\/en\/?s={search_term_string}"},"query-input":"required name=search_term_string"}],"inLanguage":"en-US"},{"@type":"Organization","@id":"https:\/\/openheart.ge\/en\/#organization","name":"Open Heart \/ \u10e6\u10d8\u10d0 \u10d2\u10e3\u10da\u10d8","url":"https:\/\/openheart.ge\/en\/","sameAs":["https:\/\/www.facebook.com\/OpenHeartGeneralHospital\/"],"logo":{"@type":"ImageObject","inLanguage":"en-US","@id":"https:\/\/openheart.ge\/en\/#\/schema\/logo\/image\/","url":"https:\/\/openheart.ge\/wp-content\/uploads\/2019\/07\/geo.png","contentUrl":"https:\/\/openheart.ge\/wp-content\/uploads\/2019\/07\/geo.png","width":800,"height":252,"caption":"Open Heart \/ \u10e6\u10d8\u10d0 \u10d2\u10e3\u10da\u10d8"},"image":{"@id":"https:\/\/openheart.ge\/en\/#\/schema\/logo\/image\/"}}]}},"_links":{"self":[{"href":"https:\/\/openheart.ge\/en\/wp-json\/wp\/v2\/pages\/5017"}],"collection":[{"href":"https:\/\/openheart.ge\/en\/wp-json\/wp\/v2\/pages"}],"about":[{"href":"https:\/\/openheart.ge\/en\/wp-json\/wp\/v2\/types\/page"}],"author":[{"embeddable":true,"href":"https:\/\/openheart.ge\/en\/wp-json\/wp\/v2\/users\/1"}],"replies":[{"embeddable":true,"href":"https:\/\/openheart.ge\/en\/wp-json\/wp\/v2\/comments?post=5017"}],"version-history":[{"count":0,"href":"https:\/\/openheart.ge\/en\/wp-json\/wp\/v2\/pages\/5017\/revisions"}],"wp:attachment":[{"href":"https:\/\/openheart.ge\/en\/wp-json\/wp\/v2\/media?parent=5017"}],"curies":[{"name":"wp","href":"https:\/\/api.w.org\/{rel}","templated":true}]}}